{"id":231,"date":"2016-06-28T11:22:36","date_gmt":"2016-06-28T09:22:36","guid":{"rendered":"http:\/\/www.heidrun-mandel.de\/WEBNEU\/?page_id=231"},"modified":"2022-12-18T10:09:30","modified_gmt":"2022-12-18T09:09:30","slug":"impressum","status":"publish","type":"page","link":"https:\/\/www.heidrun-meile.de\/index.php\/impressum\/","title":{"rendered":"Impressum"},"content":{"rendered":"<div class=\"wpb-content-wrapper\"><p>[vc_row][vc_column][vc_column_text]<\/p>\n<h1>Impressum<\/h1>\n<p><strong>Heidrun Meile<br \/>\nProGesundheit <\/strong><strong>Menschen bewegen<\/strong><br \/>\nErich-K\u00e4stner-Str. 95<br \/>\n85092 K\u00f6sching<\/p>\n<h2>Kontakt:<\/h2>\n<p>Telefon: 08456\/967612<br \/>\nFax: 08456\/967612<br \/>\nE-Mail: <a href=\"mailto:heidrun.meile@t-online.de\">heidrun.meile<\/a>@t-online.de<\/p>\n<p><strong>Steuernummer: <\/strong>171\/247\/80357<\/p>\n<p><strong>Angaben zur Berufshaftpflichtversicherung:<\/strong><\/p>\n<p>AXA Versicherung AG<br \/>\n51067 K\u00f6ln<\/p>\n<p><strong>Hinweis auf EU-Streitschlichtung<\/strong><\/p>\n<p>Die europ\u00e4ische Kommission stellt eine Plattform zur Online-Streitbeilegung (OS) bereit:\u00a0\u00a0\u00a0\u00a0 http:\/\/ec.europa.eu\/consumers\/odr<\/p>\n<p>Unsere E-Mail-Adresse finden Sie oben im Impressum<\/p>\n<p>Quelle: eRecht24<\/p>\n<p><strong>Verantwortlich f\u00fcr den Inhalt dieser Website:<br \/>\n<\/strong>Heidrun Meile<\/p>\n<p>Quellenangaben f\u00fcr die verwendeten Bilder und Grafiken:<\/p>\n<p>Heidrun Meile<br \/>\nTanja K\u00fcpfer-Pawlitschek<br \/>\nClaudia Mayinger<br \/>\nAngelika Schallerer<br \/>\nwww.istockphoto.com<br \/>\nwww.fotolia.com<br \/>\nwww.pixabay.com<\/p>\n<h2>Gestaltung und Umsetzung der Internetseite:<\/h2>\n<p>Werbeagentur ALFAIA<br \/>\nHauptstra\u00dfe 9<br \/>\n86668 Karlshuld<\/p>\n<p>&nbsp;<\/p>\n<h2>Haftung f\u00fcr Inhalte:<\/h2>\n<p>Als Diensteanbieter sind wir gem\u00e4\u00df \u00a7 7Abs. 1 TMG f\u00fcr eigene Inhalte auf diesen Seiten nach den allgemeinen Gesetzen verantwortlich. Nach \u00a7\u00a7 8 bis 10 TMG sind wir als Diensteanbieter jedoch nicht verpflichtet, \u00fcbermittelte oder gespeicherte fremde Informationen zu \u00fcberwachen oder nach Umst\u00e4nden zu forschen, die auf eine rechtswidrige T\u00e4tigkeit hinweisen. Verpflichtungen zur Entfernung oder Sperrung der Nutzung von Informationen nach den allgemeinen Gesetzen bleiben hiervon unber\u00fchrt. Eine diesbez\u00fcgliche Haftung ist jedoch erst ab dem Zeitpunkt der Kenntnis einer konkreten Rechtsverletzung m\u00f6glich. Bei Bekanntwerden von entsprechenden Rechtsverletzungen werden wir diese Inhalte umgehend entfernen.<\/p>\n<h2>Haftung f\u00fcr Links:<\/h2>\n<p>Unser Angebot enth\u00e4lt Links zu externen Webseiten Dritter, auf deren Inhalt wir keinen Einfluss haben. Deshalb k\u00f6nnen wir f\u00fcr diese Links auch keine Gew\u00e4hr \u00fcbernehmen. F\u00fcr die Inhalte der verlinkten Seiten ist stets der jeweilige Anbieter und Betreiber der Seiten verantwortlich. Die verlinkten Seiten wurden zum Zeitpunkt der Verlinkung auf m\u00f6gliche Rechtsverst\u00f6\u00dfe \u00fcberpr\u00fcft. Rechtswidrige Inhalte waren zum Zeitpunkt der Verlinkung nicht erkennbar. Eine permanente inhaltliche Kontrolle der verlinkten Seiten ist jedoch ohne konkrete Anhaltspunkte einer Rechtsverletzung nicht zumutbar. Bei Bekanntwerden von Rechtsverletzungen werden wir derartige Links umgehend entfernen.<\/p>\n<h2>Urheberrecht:<\/h2>\n<p>Die durch den Seitenbetreiber erstellten Inhalte und Werke auf diesen Seiten, unterliegen dem deutschen Urheberrecht. Eine Vervielf\u00e4ltigung, Bearbeitung und Verbreitung und jede Art der Verwertung au\u00dferhalb der Grenzen des Urheberrechtes bed\u00fcrfen der schriftlichen Zustimmung des jeweiligen Autors bzw. Erstellers. Downloads und Kopieren diese Seite sind nur f\u00fcr den privaten Gebrauch gestattet. Soweit die Inhalte auf dieser Seite nicht vom Betreiber erstellt wurden, werden die Urheberrechte Dritter beachtet. Insbesondere werden Inhalte Dritter als solche gekennzeichnet. Sollten Sie dennoch auf eine Urheberrechtsverletzung aufmerksam werden, wird um einen entsprechenden Hinweis gebeten. Bei Bekanntwerden von Rechtsverletzungen werden wir derartige Inhalte umgehend entfernen.<\/p>\n<h2>Datenschutz:<\/h2>\n<p>Die Betreiber dieser Seiten nehmen den Schutz Ihrer pers\u00f6nlichen Daten sehr ernst. Wir behandeln Ihre personenbezogenen Daten vertraulich und entsprechend der gesetzlichen Datenvorschriften sowie dieser Datenschutzerkl\u00e4rung.<\/p>\n<p>Die Nutzung unserer Webseite ist in der Regel ohne Angaben personenbezogener Daten m\u00f6glich. Soweit auf unseren Seiten personenbezogene Daten (beispielsweise Name, Anschrift oder E-Mail-Adressen) erhoben werden, erfolgt dies, soweit m\u00f6glich, stets auf freiwilliger Basis. Diese Daten werden ohne Ihre ausdr\u00fcckliche Zustimmung nicht an Dritte weitergegeben.<\/p>\n<h2>Kontakt\/Anmeldeformular<\/h2>\n<p>Wenn Sie uns per Anmeldeformular oder per Kontaktlink Anfragen zukommen lassen, werden Ihre Angaben aus diesen Anmeldeformular und Anfragen inklusive der von Ihnen dort angegebenen Kontaktdaten zwecks Bearbeitung der Anfrage und f\u00fcr den Fall von Anschlussfragen bei uns gespeichert. Diese Daten geben wir nicht ohne Einwilligung weiter.<\/p>\n<h2>Widerspruch Werbe-Mails<\/h2>\n<p>Der Nutzung von im Rahmen der Impressumspflicht ver\u00f6ffentlichten Kontaktdaten zur \u00dcbersendung von nicht ausdr\u00fccklich angeforderter Werbung Informationsmaterialien wird hiermit widersprochen. Die Betreiber der Seiten behalten sich ausdr\u00fccklich rechtliche Schritte im Falle der unverlangten Zusendung von Werbeinformationen, etwas durch Spam-E-Mails vor.<\/p>\n<p>Quelle: eRecht24[\/vc_column_text][\/vc_column][\/vc_row][vc_row][vc_column][vc_column_text]<\/p>\n<h2>BILDRECHTE<\/h2>\n<p>[\/vc_column_text][\/vc_column][\/vc_row][vc_row][vc_column][vc_column_text]Spa und Spa still life: \u00a9lily<\/p>\n<p>Beratungsgespr\u00e4ch und trainieren mit der Blackroll: \u00a9sabine h\u00fcrdler<\/p>\n<p>Lotus und Health care: \u00a9 Luckimages<\/p>\n<p>Group of young proffessional lookin poeple: \u00a9 barabq<\/p>\n<p>Refreshment at office: \u00a9 georgerudi<\/p>\n<p>Business woman choosing fitness: \u00a9 fizkes<\/p>\n<p>Office workers stretch before they g.. \u00a9bluejeanstock<\/p>\n<p>Conference Training Planning &#8230;: \u00a9Rawpixel.com<\/p>\n<p>Zwei Frauen am Flipchart: \u00a9contrastwerkstatt<\/p>\n<p>Creative concept for business com&#8230;: \u00a9dima sidelnikov<\/p>\n<p>Gruppe im Fitnesscenter beim Hanteltraining: \u00a9Robert Kneschke<\/p>\n<p>Yoga: \u00a9 BillionPhotos.com<\/p>\n<p>Portrait of group of friends running&#8230;: \u00a9 nenetus<\/p>\n<p>People with medicine ball in fitness&#8230;: \u00a9 WavebreakdiaMicro<\/p>\n<p>Four girls meditating after fitness..:\u00a9 mintybear<\/p>\n<p>Four girls meditating after fitness training..: \u00a9 djoronimo<\/p>\n<p>Stressabbau \u00a9drubig-photo<\/p>\n<p>smiling couple making yoga exercise\u00a9Syda Produktions<\/p>\n<p>[\/vc_column_text][\/vc_column][\/vc_row]<\/p>\n<\/div>","protected":false},"excerpt":{"rendered":"<p>[vc_row][vc_column][vc_column_text] Impressum Heidrun Meile ProGesundheit Menschen bewegen Erich-K\u00e4stner-Str. 95 85092 K\u00f6sching Kontakt: Telefon: 08456\/967612 Fax: 08456\/967612 E-Mail: heidrun.meile@t-online.de Steuernummer: 171\/247\/80357 Angaben zur Berufshaftpflichtversicherung: AXA Versicherung AG 51067 K\u00f6ln Hinweis auf EU-Streitschlichtung Die europ\u00e4ische Kommission stellt eine Plattform zur Online-Streitbeilegung (OS)<\/p>\n","protected":false},"author":1,"featured_media":0,"parent":0,"menu_order":0,"comment_status":"closed","ping_status":"closed","template":"","meta":{"footnotes":""},"class_list":["post-231","page","type-page","status-publish","hentry"],"_links":{"self":[{"href":"https:\/\/www.heidrun-meile.de\/index.php\/wp-json\/wp\/v2\/pages\/231","targetHints":{"allow":["GET"]}}],"collection":[{"href":"https:\/\/www.heidrun-meile.de\/index.php\/wp-json\/wp\/v2\/pages"}],"about":[{"href":"https:\/\/www.heidrun-meile.de\/index.php\/wp-json\/wp\/v2\/types\/page"}],"author":[{"embeddable":true,"href":"https:\/\/www.heidrun-meile.de\/index.php\/wp-json\/wp\/v2\/users\/1"}],"replies":[{"embeddable":true,"href":"https:\/\/www.heidrun-meile.de\/index.php\/wp-json\/wp\/v2\/comments?post=231"}],"version-history":[{"count":18,"href":"https:\/\/www.heidrun-meile.de\/index.php\/wp-json\/wp\/v2\/pages\/231\/revisions"}],"predecessor-version":[{"id":1173,"href":"https:\/\/www.heidrun-meile.de\/index.php\/wp-json\/wp\/v2\/pages\/231\/revisions\/1173"}],"wp:attachment":[{"href":"https:\/\/www.heidrun-meile.de\/index.php\/wp-json\/wp\/v2\/media?parent=231"}],"curies":[{"name":"wp","href":"https:\/\/api.w.org\/{rel}","templated":true}]}}