{"id":247,"date":"2016-06-28T12:15:37","date_gmt":"2016-06-28T10:15:37","guid":{"rendered":"http:\/\/www.heidrun-mandel.de\/WEBNEU\/?page_id=247"},"modified":"2019-08-29T16:41:15","modified_gmt":"2019-08-29T14:41:15","slug":"erwerbsmaterial","status":"publish","type":"page","link":"https:\/\/www.heidrun-meile.de\/index.php\/erwerbsmaterial\/","title":{"rendered":"Erwerbsmaterial"},"content":{"rendered":"<div class=\"wpb-content-wrapper\"><p>[vc_row][vc_column][vc_column_text]<strong>Erwerb von Kursmaterialien\/Sport- und Therapieartikel: <\/strong><\/p>\n<p>Sport- und Therapieartikel (wie zum Beispiel Hanteln, Faszienrollen, Balance Pads, B\u00e4lle, Gym-Sticks, Matten, Yogakissen etc.) die in den Kursen zum Einsatz kommen, k\u00f6nnen Sie gerne \u00fcber uns beziehen.<\/p>\n<p><strong>Bitte sprechen Sie uns bei Interesse darauf an.<\/strong>[\/vc_column_text][\/vc_column][\/vc_row]<\/p>\n<\/div>","protected":false},"excerpt":{"rendered":"<p>[vc_row][vc_column][vc_column_text]Erwerb von Kursmaterialien\/Sport- und Therapieartikel: Sport- und Therapieartikel (wie zum Beispiel Hanteln, Faszienrollen, Balance Pads, B\u00e4lle, Gym-Sticks, Matten, Yogakissen etc.) die in den Kursen zum Einsatz kommen, k\u00f6nnen Sie gerne \u00fcber uns beziehen. Bitte sprechen Sie uns bei Interesse darauf<\/p>\n","protected":false},"author":1,"featured_media":0,"parent":0,"menu_order":0,"comment_status":"closed","ping_status":"closed","template":"","meta":{"footnotes":""},"class_list":["post-247","page","type-page","status-publish","hentry"],"_links":{"self":[{"href":"https:\/\/www.heidrun-meile.de\/index.php\/wp-json\/wp\/v2\/pages\/247","targetHints":{"allow":["GET"]}}],"collection":[{"href":"https:\/\/www.heidrun-meile.de\/index.php\/wp-json\/wp\/v2\/pages"}],"about":[{"href":"https:\/\/www.heidrun-meile.de\/index.php\/wp-json\/wp\/v2\/types\/page"}],"author":[{"embeddable":true,"href":"https:\/\/www.heidrun-meile.de\/index.php\/wp-json\/wp\/v2\/users\/1"}],"replies":[{"embeddable":true,"href":"https:\/\/www.heidrun-meile.de\/index.php\/wp-json\/wp\/v2\/comments?post=247"}],"version-history":[{"count":3,"href":"https:\/\/www.heidrun-meile.de\/index.php\/wp-json\/wp\/v2\/pages\/247\/revisions"}],"predecessor-version":[{"id":1024,"href":"https:\/\/www.heidrun-meile.de\/index.php\/wp-json\/wp\/v2\/pages\/247\/revisions\/1024"}],"wp:attachment":[{"href":"https:\/\/www.heidrun-meile.de\/index.php\/wp-json\/wp\/v2\/media?parent=247"}],"curies":[{"name":"wp","href":"https:\/\/api.w.org\/{rel}","templated":true}]}}