{"id":48,"date":"2016-05-11T13:40:18","date_gmt":"2016-05-11T11:40:18","guid":{"rendered":"http:\/\/www.heidrun-mandel.de\/WEBNEU\/?page_id=48"},"modified":"2024-04-02T15:51:22","modified_gmt":"2024-04-02T13:51:22","slug":"leistungen","status":"publish","type":"page","link":"https:\/\/www.heidrun-meile.de\/index.php\/leistungen\/","title":{"rendered":"Sport- und Bewegungstherapie"},"content":{"rendered":"<div class=\"wpb-content-wrapper\"><p>[vc_row full_width=&#8220;stretch_row_content_no_spaces&#8220;][vc_column][vc_single_image image=&#8220;145&#8243; img_size=&#8220;full&#8220; alignment=&#8220;center&#8220;][\/vc_column][\/vc_row][vc_row][vc_column][vc_custom_heading text=&#8220;Sport- und Bewegungstherapie&#8220; font_container=&#8220;tag:h1|font_size:32|text_align:center|color:%23f39200&#8243; use_theme_fonts=&#8220;yes&#8220;][vc_separator css=&#8220;.vc_custom_1462896966650{padding-top: 25px !important;}&#8220;][\/vc_column][\/vc_row][vc_row][vc_column width=&#8220;1\/4&#8243;][vc_single_image image=&#8220;30&#8243; img_size=&#8220;full&#8220; alignment=&#8220;center&#8220; css=&#8220;.vc_custom_1462895808047{padding-bottom: -20px !important;}&#8220;][\/vc_column][vc_column width=&#8220;3\/4&#8243;][vc_column_text]<\/p>\n<h2>Haben Sie sich heute schon bewegt?<\/h2>\n<p>[\/vc_column_text][vc_column_text]Lautet Ihre Antwort \u201eja\u201c, dann geh\u00f6ren Sie zu dem Personenkreis, der heute schon aktiv etwas zu seiner eigenen Gesundheit beigetragen hat. Sehr lobenswert!<\/p>\n<p><strong>Nein? Dann starten Sie jetzt. Ihr K\u00f6rper und Geist wird es Ihnen danken.<\/strong><\/p>\n<p>Mit Sport und Bewegung k\u00f6nnen Sie nur gewinnen. Vorausgesetzt, die sportliche Belastung findet in einem f\u00fcr Ihren Fitnesszustand ad\u00e4quaten Bereich statt.[\/vc_column_text][\/vc_column][\/vc_row][vc_row][vc_column][vc_separator css=&#8220;.vc_custom_1462896966650{padding-top: 25px !important;}&#8220;][\/vc_column][\/vc_row][vc_row][vc_column width=&#8220;1\/4&#8243;][vc_icon type=&#8220;linecons&#8220; color=&#8220;custom&#8220; size=&#8220;xl&#8220; align=&#8220;center&#8220; custom_color=&#8220;#f39200&#8243;][\/vc_column][vc_column width=&#8220;3\/4&#8243;][vc_column_text]<\/p>\n<h2>Welchen gesundheitlichen Nutzen k\u00f6nnen Sie erlangen?<\/h2>\n<p>[\/vc_column_text][vc_column_text]Ergebnisse zahlreicher Studien haben gezeigt, dass regelm\u00e4\u00dfig durchgef\u00fchrte sportliche Aktivit\u00e4t einen positiven Einfluss auf unsere physische und psychische Gesundheit hat.<\/p>\n<p><strong>SPORT:<\/strong><\/p>\n<ul>\n<li>verbessert die Lebensqualit\u00e4t<\/li>\n<li>st\u00e4rkt das Selbstbewusstseins<\/li>\n<li>verbessert den Schlaf<\/li>\n<li>f\u00fchrt zu mehr Wohlbefinden<\/li>\n<li>beugt Herz- und Gef\u00e4\u00dferkrankungen vor und wirkt sich positiv bei Diabetes und Bluthochdruck aus.<\/li>\n<li>beugt \u00dcbergewicht vor bzw. wirkt unterst\u00fctzend bei der Gewichtsreduktion<\/li>\n<li>verl\u00e4ngert das Leben<\/li>\n<\/ul>\n<p><strong>Werden Sie heute noch aktiv und w\u00e4hlen Sie aus den Bereichen Pr\u00e4ventions- oder Fitnesskurse einen passenden Kurs f\u00fcr sich aus.<\/strong>[\/vc_column_text][\/vc_column][\/vc_row][vc_row][vc_column][vc_separator css=&#8220;.vc_custom_1462896966650{padding-top: 25px !important;}&#8220;][\/vc_column][\/vc_row][vc_row css=&#8220;.vc_custom_1462963005215{padding-bottom: 35px !important;}&#8220;][vc_column][vc_single_image image=&#8220;24&#8243; img_size=&#8220;full&#8220; alignment=&#8220;center&#8220;][vc_custom_heading text=&#8220;Pr\u00e4ventionsma\u00dfnahmen&#8220; font_container=&#8220;tag:h2|font_size:32|text_align:left|color:%23f39200&#8243; use_theme_fonts=&#8220;yes&#8220;][\/vc_column][\/vc_row][vc_row][vc_column][vc_column_text]<\/p>\n<h5><b>(m\u00f6gliche Bezuschussung durch die Krankenkasse)<br \/>\n<\/b><\/h5>\n<p>Bei den angebotenen <b>Pr\u00e4ventionsma\u00dfnamen<\/b> handelt es sich um die Prim\u00e4rpr\u00e4vention. Sie setzt bereits vor dem Eintreten von Erkrankungen ein und zielt darauf ab, eine Erkrankung bereits im Vorfeld zu verhindern. Die Prim\u00e4rpr\u00e4vention richtet sich an Risikogruppen, an gesunde Personen ohne Krankheitssymptome.<\/p>\n<p>[\/vc_column_text][\/vc_column][\/vc_row][vc_row][vc_column width=&#8220;1\/2&#8243;][vc_column_text css=&#8220;.vc_custom_1488880550425{margin-top: 0px !important;margin-right: 0px !important;margin-bottom: 0px !important;margin-left: 0px !important;border-top-width: 0px !important;border-right-width: 0px !important;border-bottom-width: 0px !important;border-left-width: 0px !important;padding-top: 15px !important;padding-right: 15px !important;padding-bottom: 15px !important;padding-left: 15px !important;background-color: #f39200 !important;border-radius: 10px !important;}&#8220;]<\/p>\n<h4><span style=\"color: #ffffff;\"><b>Muskel- und Skelettaufbau<\/b><\/span><\/h4>\n<ul>\n<li>\n<h4><span style=\"color: #ffffff;\"><a style=\"color: #ffffff;\" href=\"http:\/\/www.heidrun-meile.de\/index.php\/alle-kurse\/\">R\u00fcckenschule<\/a><\/span><\/h4>\n<\/li>\n<li>\n<h4><span style=\"color: #ffffff;\"><a style=\"color: #ffffff;\" href=\"http:\/\/www.heidrun-meile.de\/index.php\/alle-kurse\/\">Wirbels\u00e4ulengymnastik<\/a><\/span><\/h4>\n<\/li>\n<li>\n<h4><span style=\"color: #ffffff;\"><a style=\"color: #ffffff;\" href=\"http:\/\/www.heidrun-meile.de\/index.php\/alle-kurse\/\">Pilates<\/a><\/span><\/h4>\n<\/li>\n<li>\n<h4><span style=\"color: #ffffff;\"><a style=\"color: #ffffff;\" href=\"http:\/\/www.heidrun-meile.de\/index.php\/alle-kurse\/\">Faszientraining<\/a><\/span><\/h4>\n<\/li>\n<\/ul>\n<p>[\/vc_column_text][\/vc_column][vc_column width=&#8220;1\/2&#8243;][vc_column_text css=&#8220;.vc_custom_1712065874523{margin-top: 0px !important;margin-right: 0px !important;margin-bottom: 0px !important;margin-left: 0px !important;border-top-width: 0px !important;border-right-width: 0px !important;border-bottom-width: 0px !important;border-left-width: 0px !important;padding-top: 15px !important;padding-right: 15px !important;padding-bottom: 44px !important;padding-left: 15px !important;background-color: #f39200 !important;border-radius: 10px !important;}&#8220;]<\/p>\n<h4><span style=\"color: #ffffff;\"><b>Herz-Kreislauftraining<\/b><\/span><\/h4>\n<ul>\n<li>\n<h4><span style=\"color: #ffffff;\"><a style=\"color: #ffffff;\" href=\"http:\/\/www.heidrun-meile.de\/index.php\/alle-kurse\/\">Puls Aktiv<\/a><\/span><\/h4>\n<\/li>\n<li>\n<h4><span style=\"color: #ffffff;\"><a style=\"color: #ffffff;\" href=\"http:\/\/www.heidrun-meile.de\/index.php\/alle-kurse\/\">Nordic Walking<\/a><\/span><\/h4>\n<\/li>\n<li>\n<h4><span style=\"color: #ffffff;\"><a style=\"color: #ffffff;\" href=\"http:\/\/www.heidrun-meile.de\/index.php\/alle-kurse\/\">Lauftraining<\/a><\/span><\/h4>\n<\/li>\n<li>\n<h4><a href=\"http:\/\/www.heidrun-meile.de\/index.php\/alle-kurse\/\">Functional Training \/ Outdoor<\/a><\/h4>\n<\/li>\n<\/ul>\n<p>[\/vc_column_text][\/vc_column][\/vc_row][vc_row css=&#8220;.vc_custom_1462963005215{padding-bottom: 35px !important;}&#8220;][vc_column css=&#8220;.vc_custom_1463037646525{padding-top: 35px !important;}&#8220;][vc_column_text css=&#8220;.vc_custom_1466780163251{border-top-width: 1px !important;border-right-width: 1px !important;border-bottom-width: 1px !important;border-left-width: 1px !important;padding-top: 10px !important;padding-right: 10px !important;padding-bottom: 10px !important;padding-left: 10px !important;border-left-color: #f39200 !important;border-left-style: solid !important;border-right-color: #f39200 !important;border-right-style: solid !important;border-top-color: #f39200 !important;border-top-style: solid !important;border-bottom-color: #f39200 !important;border-bottom-style: solid !important;}&#8220;]<span style=\"color: #000000;\"><strong>Nach \u00a7 20 SGB V unterst\u00fctzen die meisten Krankenkassen diese Ma\u00dfnahmen. Voraussetzungen f\u00fcr eine Bezuschussung durch die Krankenkassen sind, dass diese Ma\u00dfnahme bei der entsprechenden Krankenkasse anerkannt ist und Sie mindestens mit 80 % daran teilgenommen haben.<\/strong><\/span>[\/vc_column_text][\/vc_column][\/vc_row][vc_row css=&#8220;.vc_custom_1462963005215{padding-bottom: 35px !important;}&#8220;][vc_column css=&#8220;.vc_custom_1463037646525{padding-top: 35px !important;}&#8220;][vc_custom_heading text=&#8220;Fitnesskurse&#8220; font_container=&#8220;tag:h2|font_size:32|text_align:left|color:%23f39200&#8243; use_theme_fonts=&#8220;yes&#8220;][\/vc_column][\/vc_row][vc_row][vc_column][vc_column_text]<\/p>\n<h5><b>(KEINE Bezuschussung durch die Krankenkasse)<br \/>\n<\/b><\/h5>\n<p>Die unter <b>Fitnesskurse<\/b> aufgef\u00fchrten Ma\u00dfnahmen dienen der Verbesserung Ihrer Ausdauer, Kraft und Beweglichkeit, sind bei den Krankenkassen jedoch nicht anerkannt und somit nicht f\u00f6rderungsw\u00fcrdig.<\/p>\n<p><strong>Sie investieren also eigenst\u00e4ndig in ihre Gesundheit.<\/strong>[\/vc_column_text][\/vc_column][\/vc_row][vc_row][vc_column width=&#8220;1\/2&#8243;][vc_column_text css=&#8220;.vc_custom_1488880667108{margin-top: 0px !important;margin-right: 0px !important;margin-bottom: 0px !important;margin-left: 0px !important;border-top-width: 0px !important;border-right-width: 0px !important;border-bottom-width: 0px !important;border-left-width: 0px !important;padding-top: 15px !important;padding-right: 15px !important;padding-bottom: 15px !important;padding-left: 15px !important;background-color: #f39200 !important;border-radius: 10px !important;}&#8220;]<\/p>\n<h4><span style=\"color: #ffffff;\"><b>Herz-Kreislauftraining<\/b><\/span><\/h4>\n<ul>\n<li>\n<h4><span style=\"color: #ffffff;\"><a style=\"color: #ffffff;\" href=\"http:\/\/www.heidrun-meile.de\/index.php\/alle-kurse\/\">Zumba<\/a><\/span><\/h4>\n<\/li>\n<li>\n<h4><span style=\"color: #ffffff;\"><a style=\"color: #ffffff;\" href=\"http:\/\/www.heidrun-meile.de\/index.php\/alle-kurse\/\">Aroha<\/a><\/span><\/h4>\n<\/li>\n<li>\n<h4><span style=\"color: #ffffff;\"><a style=\"color: #ffffff;\" href=\"http:\/\/www.heidrun-meile.de\/index.php\/alle-kurse\/\">Drums alive<\/a><\/span><\/h4>\n<\/li>\n<\/ul>\n<p>[\/vc_column_text][\/vc_column][vc_column width=&#8220;1\/2&#8243;][vc_column_text css=&#8220;.vc_custom_1488880686491{margin-top: 0px !important;margin-right: 0px !important;margin-bottom: 0px !important;margin-left: 0px !important;border-top-width: 0px !important;border-right-width: 0px !important;border-bottom-width: 0px !important;border-left-width: 0px !important;padding-top: 15px !important;padding-right: 15px !important;padding-bottom: 63px !important;padding-left: 15px !important;background-color: #f39200 !important;border-radius: 10px !important;}&#8220;]<\/p>\n<h4><span style=\"color: #ffffff;\"><b>K\u00f6rper und Geist<\/b><\/span><\/h4>\n<ul>\n<li>\n<h4><span style=\"color: #ffffff;\"><a style=\"color: #ffffff;\" href=\"http:\/\/www.heidrun-meile.de\/index.php\/alle-kurse\/\">Gehirnleistungstraining durch Bewegung<\/a><\/span><\/h4>\n<h4><span style=\"color: #ffffff;\"><a style=\"color: #ffffff;\" href=\"http:\/\/www.heidrun-mandel.de\/index.php\/alle-kurse\/\">(Koordinations- und Reaktionstraining)<\/a><\/span><\/h4>\n<\/li>\n<\/ul>\n<p>[\/vc_column_text][\/vc_column][\/vc_row][vc_row full_width=&#8220;stretch_row&#8220; css=&#8220;.vc_custom_1463042739113{margin-top: 45px !important;padding-top: 45px !important;background-color: #ffeece !important;}&#8220;][vc_column][vc_column_text]<\/p>\n<h4 style=\"text-align: center;\">Sie sind sich nicht sicher, welches Bewegungsangebot f\u00fcr Sie das Richtige ist?<\/h4>\n<h4 style=\"text-align: center;\">Sie trainieren nicht gerne in der Gruppe oder die Zeiten passen nicht in Ihren Terminplan?<\/h4>\n<h4 style=\"text-align: center;\">WIR FINDEN EINE L\u00d6SUNG!<\/h4>\n<h4 style=\"text-align: center;\">Rufen Sie mich an, ich berate Sie gerne.<\/h4>\n<p>[\/vc_column_text][vc_cta h2=&#8220;&#8220; h4=&#8220;F\u00fcr Jeden das richtige!&#8220; txt_align=&#8220;center&#8220; color=&#8220;orange&#8220; add_button=&#8220;bottom&#8220; btn_title=&#8220;Hier geht es zu den Kursen&#8220; btn_color=&#8220;warning&#8220; btn_size=&#8220;lg&#8220; btn_align=&#8220;center&#8220; add_icon=&#8220;top&#8220; i_icon_fontawesome=&#8220;fa fa-arrow-circle-down&#8220; i_color=&#8220;orange&#8220; btn_button_block=&#8220;true&#8220; i_on_border=&#8220;true&#8220; btn_link=&#8220;url:http%3A%2F%2Fwww.heidrun-meile.de%2Findex.php%2Falle-kurse%2F|title:Kurse%20Gesundheit%20Ingolstadt%20Heidrun%20Meile|&#8220;]<b>Pr\u00e4ventionsma\u00dfnahmen<\/b> \u00b7 <b>Fitnesskurse \u00b7 Entspannung und Innere Balance \u00b7 Infrarot-W\u00e4rmeanwendungen \u00b7 Leistungsf\u00e4higkeit, Wohlbefinden, Balance und Gesundheit im Beruf<br \/>\n<\/b>[\/vc_cta][\/vc_column][\/vc_row][vc_row][vc_column][\/vc_column][\/vc_row]<\/p>\n<\/div>","protected":false},"excerpt":{"rendered":"<p>[vc_row full_width=&#8220;stretch_row_content_no_spaces&#8220;][vc_column][vc_single_image image=&#8220;145&#8243; img_size=&#8220;full&#8220; alignment=&#8220;center&#8220;][\/vc_column][\/vc_row][vc_row][vc_column][vc_custom_heading text=&#8220;Sport- und Bewegungstherapie&#8220; font_container=&#8220;tag:h1|font_size:32|text_align:center|color:%23f39200&#8243; use_theme_fonts=&#8220;yes&#8220;][vc_separator css=&#8220;.vc_custom_1462896966650{padding-top: 25px !important;}&#8220;][\/vc_column][\/vc_row][vc_row][vc_column width=&#8220;1\/4&#8243;][vc_single_image image=&#8220;30&#8243; img_size=&#8220;full&#8220; alignment=&#8220;center&#8220; css=&#8220;.vc_custom_1462895808047{padding-bottom: -20px !important;}&#8220;][\/vc_column][vc_column width=&#8220;3\/4&#8243;][vc_column_text] Haben Sie sich heute schon bewegt? [\/vc_column_text][vc_column_text]Lautet Ihre Antwort \u201eja\u201c, dann geh\u00f6ren Sie zu dem Personenkreis, der heute schon<\/p>\n","protected":false},"author":1,"featured_media":0,"parent":0,"menu_order":0,"comment_status":"closed","ping_status":"open","template":"","meta":{"footnotes":""},"class_list":["post-48","page","type-page","status-publish","hentry"],"_links":{"self":[{"href":"https:\/\/www.heidrun-meile.de\/index.php\/wp-json\/wp\/v2\/pages\/48","targetHints":{"allow":["GET"]}}],"collection":[{"href":"https:\/\/www.heidrun-meile.de\/index.php\/wp-json\/wp\/v2\/pages"}],"about":[{"href":"https:\/\/www.heidrun-meile.de\/index.php\/wp-json\/wp\/v2\/types\/page"}],"author":[{"embeddable":true,"href":"https:\/\/www.heidrun-meile.de\/index.php\/wp-json\/wp\/v2\/users\/1"}],"replies":[{"embeddable":true,"href":"https:\/\/www.heidrun-meile.de\/index.php\/wp-json\/wp\/v2\/comments?post=48"}],"version-history":[{"count":40,"href":"https:\/\/www.heidrun-meile.de\/index.php\/wp-json\/wp\/v2\/pages\/48\/revisions"}],"predecessor-version":[{"id":1244,"href":"https:\/\/www.heidrun-meile.de\/index.php\/wp-json\/wp\/v2\/pages\/48\/revisions\/1244"}],"wp:attachment":[{"href":"https:\/\/www.heidrun-meile.de\/index.php\/wp-json\/wp\/v2\/media?parent=48"}],"curies":[{"name":"wp","href":"https:\/\/api.w.org\/{rel}","templated":true}]}}